{"id":44,"date":"2020-06-02T22:33:54","date_gmt":"2020-06-02T20:33:54","guid":{"rendered":"http:\/\/www.radio-gehacktes.de\/?page_id=44"},"modified":"2025-12-27T11:29:56","modified_gmt":"2025-12-27T10:29:56","slug":"radio-gehacktes","status":"publish","type":"page","link":"http:\/\/www.radio-gehacktes.de\/","title":{"rendered":"Radio-Gehacktes"},"content":{"rendered":"\n<p>Wir senden 2026 vierzehnt\u00e4gig in den geraden Kalenderwochen donnerstags von 21.00 Uhr bis 22.00 Uhr auf 94,0 MHz im Raum Ostfriesland \/ Emsland \/ n\u00f6rdliche Niederlande.<\/p>\n\n\n\n<!--<p>In den ungeraden Wochen, im Wechsel zwischen Mittwoch und Donnerstag, jeweils um 20:00 Uhr.<\/p>-->\n\n\n\n<p>Aktuelle<strong> <\/strong>Sendetermine findet ihr im <a href=\"https:\/\/www.facebook.com\/radiogehacktes\" target=\"_blank\" rel=\"noreferrer noopener\">hier<\/a>.<\/p>\n\n\n\n<p>Antennenfrequenzen: Im angegebenen Sendegebiet \u00fcber die Frequenz <strong>94.0 MHz<\/strong>, im Raum Emden besser \u00fcber die Frequenz <strong>87.7 MHz<\/strong>.<\/p>\n\n\n\n<p>Weitere Informationen k\u00f6nnt ihr der Homepage unseres Senders <a href=\"http:\/\/www.radio-ostfriesland.com\" target=\"_blank\" rel=\"noreferrer noopener\">Radio Ostfriesland<\/a> entnehmen.<\/p>\n\n\n\n<p>Radio Gehacktes Live Stream :<a rel=\"noreferrer noopener\" href=\"https:\/\/ww2.radio-ostfriesland.de\/\" target=\"_blank\">https:\/\/ww2.radio-ostfriesland.de\/<\/a><br>oder \u00fcber <a rel=\"noreferrer noopener\" href=\"http:\/\/radioostfriesland.radio.de\/\" target=\"_blank\">radio.d<\/a><strong><a rel=\"noreferrer noopener\" href=\"http:\/\/radioostfriesland.radio.de\/\" target=\"_blank\">e<\/a><\/strong><br>Achtung: Diese Links f\u00fchren au\u00dferhalb der angegebenen Sendezeiten zum regul\u00e4ren Programm von Radio Ostfriesland.<\/p>\n","protected":false},"excerpt":{"rendered":"<p>Wir senden 2026 vierzehnt\u00e4gig in den geraden Kalenderwochen donnerstags von 21.00 Uhr bis 22.00 Uhr auf 94,0 MHz im Raum Ostfriesland \/ Emsland \/ n\u00f6rdliche Niederlande. Aktuelle Sendetermine findet ihr im hier. Antennenfrequenzen: Im angegebenen Sendegebiet \u00fcber die Frequenz 94.0 MHz, im Raum Emden besser \u00fcber die Frequenz 87.7 MHz. Weitere Informationen k\u00f6nnt ihr der [&hellip;]<\/p>\n","protected":false},"author":2,"featured_media":46,"parent":0,"menu_order":0,"comment_status":"closed","ping_status":"closed","template":"","meta":{"footnotes":""},"class_list":["post-44","page","type-page","status-publish","has-post-thumbnail","hentry"],"_links":{"self":[{"href":"http:\/\/www.radio-gehacktes.de\/index.php\/wp-json\/wp\/v2\/pages\/44","targetHints":{"allow":["GET"]}}],"collection":[{"href":"http:\/\/www.radio-gehacktes.de\/index.php\/wp-json\/wp\/v2\/pages"}],"about":[{"href":"http:\/\/www.radio-gehacktes.de\/index.php\/wp-json\/wp\/v2\/types\/page"}],"author":[{"embeddable":true,"href":"http:\/\/www.radio-gehacktes.de\/index.php\/wp-json\/wp\/v2\/users\/2"}],"replies":[{"embeddable":true,"href":"http:\/\/www.radio-gehacktes.de\/index.php\/wp-json\/wp\/v2\/comments?post=44"}],"version-history":[{"count":13,"href":"http:\/\/www.radio-gehacktes.de\/index.php\/wp-json\/wp\/v2\/pages\/44\/revisions"}],"predecessor-version":[{"id":672,"href":"http:\/\/www.radio-gehacktes.de\/index.php\/wp-json\/wp\/v2\/pages\/44\/revisions\/672"}],"wp:featuredmedia":[{"embeddable":true,"href":"http:\/\/www.radio-gehacktes.de\/index.php\/wp-json\/wp\/v2\/media\/46"}],"wp:attachment":[{"href":"http:\/\/www.radio-gehacktes.de\/index.php\/wp-json\/wp\/v2\/media?parent=44"}],"curies":[{"name":"wp","href":"https:\/\/api.w.org\/{rel}","templated":true}]}}